{"id":2005,"date":"2023-01-16T11:37:17","date_gmt":"2023-01-16T14:37:17","guid":{"rendered":"https:\/\/cardillo.com.br\/site_novo\/enos-da-silva-alves\/"},"modified":"2023-02-03T09:09:51","modified_gmt":"2023-02-03T12:09:51","slug":"enos-da-silva-alves","status":"publish","type":"page","link":"https:\/\/cardillo.com.br\/en\/enos-da-silva-alves\/","title":{"rendered":"Enos da Silva Alves"},"content":{"rendered":"\n<style type=\"text\/css\" id=\"style-css-av-3gv9x-175457b9beaf2afc36b252583e6da20c\">\n#top .flex_column.av-3gv9x-175457b9beaf2afc36b252583e6da20c{\nborder-radius:0px;\n-webkit-border-radius:0px;\n-moz-border-radius:0px;\npadding:0px;\n}\n<\/style>\n<div class='flex_column av-3gv9x-175457b9beaf2afc36b252583e6da20c av_one_third  avia-builder-el-0  el_before_av_two_third  avia-builder-el-first  first flex_column_div  av-animated-generic left-to-right av-zero-column-padding '   ><p>\n<style type=\"text\/css\" id=\"style-css-av-lcycx0mx-e22e98b1418f42a541267aca44cc9bc7\">\n.avia-image-container.av-lcycx0mx-e22e98b1418f42a541267aca44cc9bc7 .av-image-caption-overlay-center{\ncolor:#ffffff;\n}\n<\/style>\n<div  class='avia-image-container av-lcycx0mx-e22e98b1418f42a541267aca44cc9bc7 av-styling- avia_animated_image avia_animate_when_almost_visible pop-up avia-align-center  avia-builder-el-1  el_before_av_heading  avia-builder-el-first  '  itemprop=\"image\" itemscope=\"itemscope\" itemtype=\"https:\/\/schema.org\/ImageObject\" ><div class=\"avia-image-container-inner\"><div class=\"avia-image-overlay-wrap\"><img decoding=\"async\" class='wp-image-1833 avia-img-lazy-loading-not-1833 avia_image' src=\"https:\/\/cardillo.com.br\/wp-content\/uploads\/2022\/09\/enos.jpg\" alt='' title='Enos da Silva Alves'  height=\"800\" width=\"700\"  itemprop=\"thumbnailUrl\" srcset=\"https:\/\/cardillo.com.br\/wp-content\/uploads\/2022\/09\/enos.jpg 700w, https:\/\/cardillo.com.br\/wp-content\/uploads\/2022\/09\/enos-263x300.jpg 263w\" sizes=\"(max-width: 700px) 100vw, 700px\" \/><\/div><\/div><\/div><br \/>\n\n<style type=\"text\/css\" id=\"style-css-av-lcysuahq-6518fe0f63b984beaca8e9b46b0da2e4\">\n#top .av-special-heading.av-lcysuahq-6518fe0f63b984beaca8e9b46b0da2e4{\npadding-bottom:10px;\n}\n.av-special-heading.av-lcysuahq-6518fe0f63b984beaca8e9b46b0da2e4 .av-subheading{\nfont-size:15px;\n}\n<\/style>\n<div  class='av-special-heading av-lcysuahq-6518fe0f63b984beaca8e9b46b0da2e4 av-special-heading-h2 blockquote modern-quote  avia-builder-el-2  el_after_av_image  el_before_av_hr  '><h2 class='av-special-heading-tag '  itemprop=\"headline\"  >Enos da Silva Alves<\/h2><div class='av-subheading av-subheading_below '><p>Partner<\/p>\n<\/div><div class='special-heading-border'><div class='special-heading-inner-border'><\/div><\/div><\/div><br \/>\n\n<style type=\"text\/css\" id=\"style-css-av-lcysv7qk-a5e7f8bc77509b2900a963d7985beb07\">\n.hr.av-lcysv7qk-a5e7f8bc77509b2900a963d7985beb07{\nmargin-top:5px;\nmargin-bottom:5px;\n}\n.hr.av-lcysv7qk-a5e7f8bc77509b2900a963d7985beb07 .hr-inner{\nwidth:80px;\nborder-color:#ff0000;\n}\n<\/style>\n<div  class='hr av-lcysv7qk-a5e7f8bc77509b2900a963d7985beb07 hr-custom  avia-builder-el-3  el_after_av_heading  el_before_av_iconlist  hr-left hr-icon-no '><span class='hr-inner inner-border-av-border-thin'><span class=\"hr-inner-style\"><\/span><\/span><\/div><br \/>\n\n<style type=\"text\/css\" id=\"style-css-av-lcyu72s8-6c5c8681eb3813127fba54187261702b\">\n#top .avia-icon-list-container.av-lcyu72s8-6c5c8681eb3813127fba54187261702b .iconlist_icon{\ncolor:#5b5b5b;\nfont-size:16px;\n}\n#top #wrap_all .avia-icon-list-container.av-lcyu72s8-6c5c8681eb3813127fba54187261702b .av_iconlist_title{\nfont-size:16px;\n}\n<\/style>\n<div  class='avia-icon-list-container av-lcyu72s8-6c5c8681eb3813127fba54187261702b  avia-builder-el-4  el_after_av_hr  avia-builder-el-last  '><ul class='avia-icon-list avia_animate_when_almost_visible avia-icon-list-left av-iconlist-small av-lcyu72s8-6c5c8681eb3813127fba54187261702b avia-iconlist-animate'>\n<li><div class='iconlist_icon av-lcyu5jr3-a55e2d8fc928634525cc473babc903e4 avia-font-entypo-fontello'><span class='iconlist-char ' aria-hidden='true' data-av_icon='\ue805' data-av_iconfont='entypo-fontello'><\/span><\/div><article class=\"article-icon-entry av-iconlist-empty\"  itemscope=\"itemscope\" itemtype=\"https:\/\/schema.org\/CreativeWork\" ><div class='iconlist_content_wrap'><header class=\"entry-content-header\"><div class='av_iconlist_title iconlist_title_small   '  itemprop=\"headline\" >enos@cardillo.com.br<\/div><\/header><div class='iconlist_content  '  itemprop=\"text\" ><\/div><\/div><footer class=\"entry-footer\"><\/footer><\/article><div class='iconlist-timeline'><\/div><\/li>\n<li><div class='iconlist_icon av-lcyu5sh2-ffaa918087c6085812e387244362701c avia-font-entypo-fontello'><span class='iconlist-char ' aria-hidden='true' data-av_icon='\ue854' data-av_iconfont='entypo-fontello'><\/span><\/div><article class=\"article-icon-entry av-iconlist-empty\"  itemscope=\"itemscope\" itemtype=\"https:\/\/schema.org\/CreativeWork\" ><div class='iconlist_content_wrap'><header class=\"entry-content-header\"><div class='av_iconlist_title iconlist_title_small   '  itemprop=\"headline\" >+ 55 (11) 3937-6444<\/div><\/header><div class='iconlist_content  '  itemprop=\"text\" ><\/div><\/div><footer class=\"entry-footer\"><\/footer><\/article><div class='iconlist-timeline'><\/div><\/li>\n<\/ul><\/div><\/p><\/div>\n\n<style type=\"text\/css\" id=\"style-css-av-434ct-2634670f0c96c2ccbedf279f91e84416\">\n#top .flex_column.av-434ct-2634670f0c96c2ccbedf279f91e84416{\nborder-radius:0px;\n-webkit-border-radius:0px;\n-moz-border-radius:0px;\npadding:0px;\n}\n<\/style>\n<div class='flex_column av-434ct-2634670f0c96c2ccbedf279f91e84416 av_two_third  avia-builder-el-5  el_after_av_one_third  el_before_av_one_fifth  flex_column_div  av-animated-generic fade-in av-zero-column-padding '   ><section class=\"av_textblock_section \"  itemscope=\"itemscope\" itemtype=\"https:\/\/schema.org\/CreativeWork\" ><div class='avia_textblock  '  style='font-size:16px; '  itemprop=\"text\" ><p style=\"font-size: 20px;\"><strong style=\"color: #5b5b5b;\">Academic Background: <\/strong><\/p>\n<ul>\n<li>Degree in Law from the Pontif\u00edcia Universidade Cat\u00f3lica de S\u00e3o Paulo (1993);<\/li>\n<li>Expert in Tax Law by the Instituto Internacional de Ci\u00eancias Sociais (IICS);<\/li>\n<li>Expert in Tax Management with an MBA from the I Funda\u00e7\u00e3o Instituto de Pesquisas Cont\u00e1beis, Atuariais e Financeiras \u2013 FIPECAFI (linked to FEA-USP);<\/li>\n<\/ul>\n<p style=\"font-size: 20px;\"><strong style=\"color: #5b5b5b;\">Experience:<\/strong><\/p>\n<ul>\n<li>He has 30 years of experience in tax consulting and in administrative and judicial tax litigation at all levels and spheres (municipal, state and federal). Serves national and international clients from the most varied segments;<\/li>\n<li>He has published articles.<\/li>\n<\/ul>\n<\/div><\/section><br \/>\n<section class=\"av_textblock_section \"  itemscope=\"itemscope\" itemtype=\"https:\/\/schema.org\/CreativeWork\" ><div class='avia_textblock  '  style='font-size:18px; '  itemprop=\"text\" ><p><strong style=\"color: #5b5b5b;\">Languages:\u00a0<\/strong> <img loading=\"lazy\" decoding=\"async\" class=\"alignnone wp-image-1353\" src=\"\/wp-content\/uploads\/2023\/01\/pt-36x36-1.png\" sizes=\"auto, (max-width: 18px) 100vw, 18px\" srcset=\"https:\/\/cardillo.com.br\/wp-content\/uploads\/2023\/01\/pt-36x36-1.png\" alt=\"\" width=\"18\" height=\"18\" \/> <img loading=\"lazy\" decoding=\"async\" class=\"alignnone wp-image-1352\" src=\"\/wp-content\/uploads\/2023\/01\/eua-36x36-1.png\" sizes=\"auto, (max-width: 18px) 100vw, 18px\" srcset=\"https:\/\/cardillo.com.br\/wp-content\/uploads\/2023\/01\/eua-36x36-1.png\" alt=\"\" width=\"18\" height=\"18\" \/> <img loading=\"lazy\" decoding=\"async\" class=\"alignnone wp-image-1352\" src=\"\/wp-content\/uploads\/2023\/01\/jk.png\" sizes=\"auto, (max-width: 18px) 100vw, 18px\" srcset=\"https:\/\/cardillo.com.br\/wp-content\/uploads\/2023\/01\/jk.png\" alt=\"\" width=\"18\" height=\"18\" \/><\/p>\n<\/div><\/section><br \/>\n\n<style type=\"text\/css\" id=\"style-css-av-lcyx02xq-aaa9aaf701c199eaed7d27421c52e04b\">\n.hr.av-lcyx02xq-aaa9aaf701c199eaed7d27421c52e04b{\nheight:20px;\n}\n<\/style>\n<div  class='hr av-lcyx02xq-aaa9aaf701c199eaed7d27421c52e04b hr-invisible  avia-builder-el-8  el_after_av_textblock  el_before_av_textblock  '><span class='hr-inner '><span class=\"hr-inner-style\"><\/span><\/span><\/div><br \/>\n<section class=\"av_textblock_section \"  itemscope=\"itemscope\" itemtype=\"https:\/\/schema.org\/CreativeWork\" ><div class='avia_textblock  '  style='font-size:18px; '  itemprop=\"text\" ><p><strong style=\"color: #5b5b5b;\">Areas of expertise <\/strong><\/p>\n<\/div><\/section><br \/>\n<div  class='avia-buttonrow-wrap av-lcyv438h-d304d98a76188ca821fb256e464a132e avia-buttonrow-left  avia-builder-el-10  el_after_av_textblock  avia-builder-el-last  '>\n\n<style type=\"text\/css\" id=\"style-css-av-lcyv30y1-aecd56b343d8318b9a5b6ec26bb8defa\">\n#top #wrap_all .avia-button.av-lcyv30y1-aecd56b343d8318b9a5b6ec26bb8defa{\nbackground-color:#e4e4e4;\nborder-color:#e4e4e4;\ncolor:#000000;\ntransition:all 0.4s ease-in-out;\n-webkit-transition:all 0.4s ease-in-out;\n-moz-transition:all 0.4s ease-in-out;\n-ms-transition:all 0.4s ease-in-out;\n-o-transition:all 0.4s ease-in-out;\nmargin-bottom:5px;\nmargin-right:5px;\n}\n<\/style>\n<a href='\/site_novo\/en\/areas-of-expertise\/#tab-id-2'  class='avia-button av-lcyv30y1-aecd56b343d8318b9a5b6ec26bb8defa avia-icon_select-no avia-size-small'  ><span class='avia_iconbox_title' >TAX<\/span><\/a>\n\n<style type=\"text\/css\" id=\"style-css-av-lcyv30y1-8e1a8bc4876229f61c5d57fcc85842b6\">\n#top #wrap_all .avia-button.av-lcyv30y1-8e1a8bc4876229f61c5d57fcc85842b6{\nbackground-color:#e4e4e4;\nborder-color:#e4e4e4;\ncolor:#0a0a0a;\ntransition:all 0.4s ease-in-out;\n-webkit-transition:all 0.4s ease-in-out;\n-moz-transition:all 0.4s ease-in-out;\n-ms-transition:all 0.4s ease-in-out;\n-o-transition:all 0.4s ease-in-out;\nmargin-bottom:5px;\nmargin-right:5px;\n}\n<\/style>\n<a href='\/site_novo\/en\/areas-of-expertise\/#tab-id-6'  class='avia-button av-lcyv30y1-8e1a8bc4876229f61c5d57fcc85842b6 avia-icon_select-no avia-size-small'  ><span class='avia_iconbox_title' >INTERNATIONAL TRADE, CUSTOMS AND PENSION LAW<\/span><\/a>\n<\/div><\/p><\/div>\n<style type=\"text\/css\" id=\"style-css-av-1x66bj-152b1aeb329dcd1c35b5d0c93f47dca7\">\n#top .flex_column.av-1x66bj-152b1aeb329dcd1c35b5d0c93f47dca7{\nborder-radius:0px;\n-webkit-border-radius:0px;\n-moz-border-radius:0px;\npadding:0px;\n}\n<\/style>\n<div class='flex_column av-1x66bj-152b1aeb329dcd1c35b5d0c93f47dca7 av_one_fifth  avia-builder-el-11  el_after_av_two_third  el_before_av_three_fifth  first flex_column_div av-zero-column-padding column-top-margin'   ><\/div><\/p>\n\n<style type=\"text\/css\" id=\"style-css-av-bc4m7-d8e37255e879c4193c2e63e33e1a311e\">\n#top .flex_column.av-bc4m7-d8e37255e879c4193c2e63e33e1a311e{\nborder-radius:0px;\n-webkit-border-radius:0px;\n-moz-border-radius:0px;\npadding:0px;\n}\n<\/style>\n<div class='flex_column av-bc4m7-d8e37255e879c4193c2e63e33e1a311e av_three_fifth  avia-builder-el-12  el_after_av_one_fifth  el_before_av_one_fifth  flex_column_div av-zero-column-padding column-top-margin'   ><\/div>\n\n<style type=\"text\/css\" id=\"style-css-av-3st0n3-82541bacc432c8b644f3f382d3cf1d66\">\n#top .flex_column.av-3st0n3-82541bacc432c8b644f3f382d3cf1d66{\nborder-radius:0px;\n-webkit-border-radius:0px;\n-moz-border-radius:0px;\npadding:0px;\n}\n<\/style>\n<div class='flex_column av-3st0n3-82541bacc432c8b644f3f382d3cf1d66 av_one_fifth  avia-builder-el-13  el_after_av_three_fifth  avia-builder-el-last  flex_column_div av-zero-column-padding column-top-margin'   ><div  class='avia-button-wrap avia-button-right  avia-builder-el-14  avia-builder-el-no-sibling ' ><a href='https:\/\/cardillo.com.br\/en\/profissionals\/'  class='avia-button av-lcyw4kz9-95241e6ed73f62064f6d2bdf921ac129 avia-icon_select-no avia-size-medium avia-position-right avia-color-theme-color ' ><span class='avia_iconbox_title' >Back<\/span><\/a><\/div><\/div>\n","protected":false},"excerpt":{"rendered":"","protected":false},"author":1,"featured_media":0,"parent":0,"menu_order":0,"comment_status":"closed","ping_status":"closed","template":"","meta":{"footnotes":""},"class_list":["post-2005","page","type-page","status-publish","hentry"],"_links":{"self":[{"href":"https:\/\/cardillo.com.br\/en\/wp-json\/wp\/v2\/pages\/2005","targetHints":{"allow":["GET"]}}],"collection":[{"href":"https:\/\/cardillo.com.br\/en\/wp-json\/wp\/v2\/pages"}],"about":[{"href":"https:\/\/cardillo.com.br\/en\/wp-json\/wp\/v2\/types\/page"}],"author":[{"embeddable":true,"href":"https:\/\/cardillo.com.br\/en\/wp-json\/wp\/v2\/users\/1"}],"replies":[{"embeddable":true,"href":"https:\/\/cardillo.com.br\/en\/wp-json\/wp\/v2\/comments?post=2005"}],"version-history":[{"count":8,"href":"https:\/\/cardillo.com.br\/en\/wp-json\/wp\/v2\/pages\/2005\/revisions"}],"predecessor-version":[{"id":2284,"href":"https:\/\/cardillo.com.br\/en\/wp-json\/wp\/v2\/pages\/2005\/revisions\/2284"}],"wp:attachment":[{"href":"https:\/\/cardillo.com.br\/en\/wp-json\/wp\/v2\/media?parent=2005"}],"curies":[{"name":"wp","href":"https:\/\/api.w.org\/{rel}","templated":true}]}}