{"id":1979,"date":"2023-01-16T10:11:28","date_gmt":"2023-01-16T13:11:28","guid":{"rendered":"https:\/\/cardillo.com.br\/site_novo\/roberto-mortari-cardillo\/"},"modified":"2023-02-03T09:08:01","modified_gmt":"2023-02-03T12:08:01","slug":"roberto-mortari-cardillo","status":"publish","type":"page","link":"https:\/\/cardillo.com.br\/en\/roberto-mortari-cardillo\/","title":{"rendered":"Roberto Mortari Cardillo"},"content":{"rendered":"\n<style type=\"text\/css\" id=\"style-css-av-3gv9x-175457b9beaf2afc36b252583e6da20c\">\n#top .flex_column.av-3gv9x-175457b9beaf2afc36b252583e6da20c{\nborder-radius:0px;\n-webkit-border-radius:0px;\n-moz-border-radius:0px;\npadding:0px;\n}\n<\/style>\n<div class='flex_column av-3gv9x-175457b9beaf2afc36b252583e6da20c av_one_third  avia-builder-el-0  el_before_av_two_third  avia-builder-el-first  first flex_column_div  av-animated-generic left-to-right av-zero-column-padding '   ><p>\n<style type=\"text\/css\" id=\"style-css-av-lcycx0mx-affd020b1aeca673adfb9310e52734ce\">\n.avia-image-container.av-lcycx0mx-affd020b1aeca673adfb9310e52734ce .av-image-caption-overlay-center{\ncolor:#ffffff;\n}\n<\/style>\n<div  class='avia-image-container av-lcycx0mx-affd020b1aeca673adfb9310e52734ce av-styling- avia_animated_image avia_animate_when_almost_visible pop-up avia-align-center  avia-builder-el-1  el_before_av_heading  avia-builder-el-first  '  itemprop=\"image\" itemscope=\"itemscope\" itemtype=\"https:\/\/schema.org\/ImageObject\" ><div class=\"avia-image-container-inner\"><div class=\"avia-image-overlay-wrap\"><img decoding=\"async\" class='wp-image-1832 avia-img-lazy-loading-not-1832 avia_image' src=\"https:\/\/cardillo.com.br\/wp-content\/uploads\/2022\/09\/cardillo.jpg\" alt='' title='Roberto Mortari Cardillo'  height=\"800\" width=\"700\"  itemprop=\"thumbnailUrl\" srcset=\"https:\/\/cardillo.com.br\/wp-content\/uploads\/2022\/09\/cardillo.jpg 700w, https:\/\/cardillo.com.br\/wp-content\/uploads\/2022\/09\/cardillo-263x300.jpg 263w\" sizes=\"(max-width: 700px) 100vw, 700px\" \/><\/div><\/div><\/div><br \/>\n\n<style type=\"text\/css\" id=\"style-css-av-lcysuahq-0618c31e2c548d8dd0129bf412a771e4\">\n#top .av-special-heading.av-lcysuahq-0618c31e2c548d8dd0129bf412a771e4{\npadding-bottom:10px;\n}\n.av-special-heading.av-lcysuahq-0618c31e2c548d8dd0129bf412a771e4 .av-subheading{\nfont-size:15px;\n}\n<\/style>\n<div  class='av-special-heading av-lcysuahq-0618c31e2c548d8dd0129bf412a771e4 av-special-heading-h2 blockquote modern-quote  avia-builder-el-2  el_after_av_image  el_before_av_hr  '><h2 class='av-special-heading-tag '  itemprop=\"headline\"  >Roberto Mortari Cardillo<\/h2><div class='av-subheading av-subheading_below '><p>Partner<\/p>\n<\/div><div class='special-heading-border'><div class='special-heading-inner-border'><\/div><\/div><\/div><br \/>\n\n<style type=\"text\/css\" id=\"style-css-av-lcysv7qk-a5e7f8bc77509b2900a963d7985beb07\">\n.hr.av-lcysv7qk-a5e7f8bc77509b2900a963d7985beb07{\nmargin-top:5px;\nmargin-bottom:5px;\n}\n.hr.av-lcysv7qk-a5e7f8bc77509b2900a963d7985beb07 .hr-inner{\nwidth:80px;\nborder-color:#ff0000;\n}\n<\/style>\n<div  class='hr av-lcysv7qk-a5e7f8bc77509b2900a963d7985beb07 hr-custom  avia-builder-el-3  el_after_av_heading  el_before_av_iconlist  hr-left hr-icon-no '><span class='hr-inner inner-border-av-border-thin'><span class=\"hr-inner-style\"><\/span><\/span><\/div><br \/>\n\n<style type=\"text\/css\" id=\"style-css-av-lcyu72s8-6c5c8681eb3813127fba54187261702b\">\n#top .avia-icon-list-container.av-lcyu72s8-6c5c8681eb3813127fba54187261702b .iconlist_icon{\ncolor:#5b5b5b;\nfont-size:16px;\n}\n#top #wrap_all .avia-icon-list-container.av-lcyu72s8-6c5c8681eb3813127fba54187261702b .av_iconlist_title{\nfont-size:16px;\n}\n<\/style>\n<div  class='avia-icon-list-container av-lcyu72s8-6c5c8681eb3813127fba54187261702b  avia-builder-el-4  el_after_av_hr  avia-builder-el-last  '><ul class='avia-icon-list avia_animate_when_almost_visible avia-icon-list-left av-iconlist-small av-lcyu72s8-6c5c8681eb3813127fba54187261702b avia-iconlist-animate'>\n<li><div class='iconlist_icon av-lcyu5jr3-fbb7fed4dfd5dd513242d4d35ee72c06 avia-font-entypo-fontello'><span class='iconlist-char ' aria-hidden='true' data-av_icon='\ue805' data-av_iconfont='entypo-fontello'><\/span><\/div><article class=\"article-icon-entry av-iconlist-empty\"  itemscope=\"itemscope\" itemtype=\"https:\/\/schema.org\/CreativeWork\" ><div class='iconlist_content_wrap'><header class=\"entry-content-header\"><div class='av_iconlist_title iconlist_title_small   '  itemprop=\"headline\" > roberto@cardillo.com.br<\/div><\/header><div class='iconlist_content  '  itemprop=\"text\" ><\/div><\/div><footer class=\"entry-footer\"><\/footer><\/article><div class='iconlist-timeline'><\/div><\/li>\n<li><div class='iconlist_icon av-lcyu5sh2-ffaa918087c6085812e387244362701c avia-font-entypo-fontello'><span class='iconlist-char ' aria-hidden='true' data-av_icon='\ue854' data-av_iconfont='entypo-fontello'><\/span><\/div><article class=\"article-icon-entry av-iconlist-empty\"  itemscope=\"itemscope\" itemtype=\"https:\/\/schema.org\/CreativeWork\" ><div class='iconlist_content_wrap'><header class=\"entry-content-header\"><div class='av_iconlist_title iconlist_title_small   '  itemprop=\"headline\" >+ 55 (11) 3937-6444<\/div><\/header><div class='iconlist_content  '  itemprop=\"text\" ><\/div><\/div><footer class=\"entry-footer\"><\/footer><\/article><div class='iconlist-timeline'><\/div><\/li>\n<\/ul><\/div><\/p><\/div>\n\n<style type=\"text\/css\" id=\"style-css-av-434ct-2634670f0c96c2ccbedf279f91e84416\">\n#top .flex_column.av-434ct-2634670f0c96c2ccbedf279f91e84416{\nborder-radius:0px;\n-webkit-border-radius:0px;\n-moz-border-radius:0px;\npadding:0px;\n}\n<\/style>\n<div class='flex_column av-434ct-2634670f0c96c2ccbedf279f91e84416 av_two_third  avia-builder-el-5  el_after_av_one_third  el_before_av_one_fifth  flex_column_div  av-animated-generic fade-in av-zero-column-padding '   ><section class=\"av_textblock_section \"  itemscope=\"itemscope\" itemtype=\"https:\/\/schema.org\/CreativeWork\" ><div class='avia_textblock  '  style='font-size:16px; '  itemprop=\"text\" ><p style=\"font-size: 20px; line-height: 2.0;\"><strong style=\"color: #5b5b5b;\">Academic Background and Experience: <\/strong><\/p>\n<ul>\n<li>Degree from the Pontif\u00edcia Universidade Cat\u00f3lica de S\u00e3o Paulo (1968);<\/li>\n<li>Deputy-Attorney General of the Republic, retired in 1995. Expert in Civil and Commercial Law from the Universidade de S\u00e3o Paulo;<\/li>\n<li>Specialist in Tax Law from the Pontif\u00edcia Universidade Cat\u00f3lica de S\u00e3o Paulo;<\/li>\n<li>He has published articles and is the author of<i>legal opinions<\/i>.<\/li>\n<\/ul>\n<\/div><\/section><br \/>\n<section class=\"av_textblock_section \"  itemscope=\"itemscope\" itemtype=\"https:\/\/schema.org\/CreativeWork\" ><div class='avia_textblock  '  style='font-size:18px; '  itemprop=\"text\" ><p><strong style=\"color: #5b5b5b;\">\u00c1reas of expertise<\/strong><\/p>\n<\/div><\/section><br \/>\n\n<style type=\"text\/css\" id=\"style-css-av-61b927-24fdf1da04f56644786e45553e764fbc\">\n.hr.av-61b927-24fdf1da04f56644786e45553e764fbc{\nmargin-top:5px;\nmargin-bottom:5px;\n}\n.hr.av-61b927-24fdf1da04f56644786e45553e764fbc .hr-inner{\nwidth:80px;\nborder-color:#ff0000;\n}\n<\/style>\n<div  class='hr av-61b927-24fdf1da04f56644786e45553e764fbc hr-custom  avia-builder-el-8  el_after_av_textblock  el_before_av_buttonrow  hr-left hr-icon-no '><span class='hr-inner inner-border-av-border-thin'><span class=\"hr-inner-style\"><\/span><\/span><\/div><br \/>\n<div  class='avia-buttonrow-wrap av-lcyv438h-d304d98a76188ca821fb256e464a132e avia-buttonrow-left  avia-builder-el-9  el_after_av_hr  el_before_av_textblock  '>\n\n<style type=\"text\/css\" id=\"style-css-av-lcyv30y1-fda3447948de626bae546119ba5be3af\">\n#top #wrap_all .avia-button.av-lcyv30y1-fda3447948de626bae546119ba5be3af{\nbackground-color:#e4e4e4;\nborder-color:#e4e4e4;\ncolor:#000000;\ntransition:all 0.4s ease-in-out;\n-webkit-transition:all 0.4s ease-in-out;\n-moz-transition:all 0.4s ease-in-out;\n-ms-transition:all 0.4s ease-in-out;\n-o-transition:all 0.4s ease-in-out;\nmargin-bottom:5px;\nmargin-right:5px;\n}\n<\/style>\n<a href='\/site_novo\/en\/areas-of-expertise\/#tab-id-7'  class='avia-button av-lcyv30y1-fda3447948de626bae546119ba5be3af avia-icon_select-no avia-size-small'  ><span class='avia_iconbox_title' >CIVIL LAW LITIGATION AND ADVISORY<\/span><\/a>\n\n<style type=\"text\/css\" id=\"style-css-av-lcyv30y1-c7b34606a07671aa80d31954fe1f65cf\">\n#top #wrap_all .avia-button.av-lcyv30y1-c7b34606a07671aa80d31954fe1f65cf{\nbackground-color:#e4e4e4;\nborder-color:#e4e4e4;\ncolor:#000000;\ntransition:all 0.4s ease-in-out;\n-webkit-transition:all 0.4s ease-in-out;\n-moz-transition:all 0.4s ease-in-out;\n-ms-transition:all 0.4s ease-in-out;\n-o-transition:all 0.4s ease-in-out;\nmargin-bottom:5px;\nmargin-right:5px;\n}\n<\/style>\n<a href='\/site_novo\/en\/areas-of-expertise\/#tab-id-4'  class='avia-button av-lcyv30y1-c7b34606a07671aa80d31954fe1f65cf avia-icon_select-no avia-size-small'  ><span class='avia_iconbox_title' >BUSINESS LAW<\/span><\/a>\n\n<style type=\"text\/css\" id=\"style-css-av-lcyv30y1-bbcc1c9a230efe1d406e1b98cc385701\">\n#top #wrap_all .avia-button.av-lcyv30y1-bbcc1c9a230efe1d406e1b98cc385701{\nbackground-color:#e4e4e4;\nborder-color:#e4e4e4;\ncolor:#0a0a0a;\ntransition:all 0.4s ease-in-out;\n-webkit-transition:all 0.4s ease-in-out;\n-moz-transition:all 0.4s ease-in-out;\n-ms-transition:all 0.4s ease-in-out;\n-o-transition:all 0.4s ease-in-out;\nmargin-bottom:5px;\nmargin-right:5px;\n}\n<\/style>\n<a href='\/site_novo\/en\/areas-of-expertise\/#tab-id-5'  class='avia-button av-lcyv30y1-bbcc1c9a230efe1d406e1b98cc385701 avia-icon_select-no avia-size-small'  ><span class='avia_iconbox_title' >REAL ESTATE LAW <\/span><\/a>\n\n<style type=\"text\/css\" id=\"style-css-av-lcyv30y1-e23ceb1773a8443197a07eb60499fb12\">\n#top #wrap_all .avia-button.av-lcyv30y1-e23ceb1773a8443197a07eb60499fb12{\nbackground-color:#e4e4e4;\nborder-color:#e4e4e4;\ncolor:#000000;\ntransition:all 0.4s ease-in-out;\n-webkit-transition:all 0.4s ease-in-out;\n-moz-transition:all 0.4s ease-in-out;\n-ms-transition:all 0.4s ease-in-out;\n-o-transition:all 0.4s ease-in-out;\nmargin-bottom:5px;\nmargin-right:5px;\n}\n<\/style>\n<a href='\/site_novo\/en\/areas-of-expertise\/#tab-id-1'  class='avia-button av-lcyv30y1-e23ceb1773a8443197a07eb60499fb12 avia-icon_select-no avia-size-small'  ><span class='avia_iconbox_title' >ADMINISTRATIVE<\/span><\/a>\n<\/div><br \/>\n<section class=\"av_textblock_section \"  itemscope=\"itemscope\" itemtype=\"https:\/\/schema.org\/CreativeWork\" ><div class='avia_textblock  '  style='font-size:18px; '  itemprop=\"text\" ><p><strong style=\"color: #5b5b5b;\">Languages:\u00a0<\/strong> <img loading=\"lazy\" decoding=\"async\" class=\"alignnone wp-image-1353\" src=\"\/wp-content\/uploads\/2023\/01\/pt-36x36-1.png\" sizes=\"auto, (max-width: 18px) 100vw, 18px\" srcset=\"https:\/\/cardillo.com.br\/wp-content\/uploads\/2023\/01\/pt-36x36-1.png\" alt=\"\" width=\"18\" height=\"18\" \/> <img loading=\"lazy\" decoding=\"async\" class=\"alignnone wp-image-1352\" src=\"\/wp-content\/uploads\/2023\/01\/eua-36x36-1.png\" sizes=\"auto, (max-width: 18px) 100vw, 18px\" srcset=\"https:\/\/cardillo.com.br\/wp-content\/uploads\/2023\/01\/eua-36x36-1.png\" alt=\"\" width=\"18\" height=\"18\" \/> <img loading=\"lazy\" decoding=\"async\" class=\"alignnone wp-image-1352\" src=\"https:\/\/cardillo.com.br\/wp-content\/uploads\/2023\/01\/jk.png\" sizes=\"auto, (max-width: 18px) 100vw, 18px\" srcset=\"https:\/\/cardillo.com.br\/wp-content\/uploads\/2023\/01\/jk.png\" alt=\"\" width=\"18\" height=\"18\" \/><\/p>\n<\/div><\/section><\/p><\/div>\n<style type=\"text\/css\" id=\"style-css-av-1x66bj-152b1aeb329dcd1c35b5d0c93f47dca7\">\n#top .flex_column.av-1x66bj-152b1aeb329dcd1c35b5d0c93f47dca7{\nborder-radius:0px;\n-webkit-border-radius:0px;\n-moz-border-radius:0px;\npadding:0px;\n}\n<\/style>\n<div class='flex_column av-1x66bj-152b1aeb329dcd1c35b5d0c93f47dca7 av_one_fifth  avia-builder-el-11  el_after_av_two_third  el_before_av_three_fifth  first flex_column_div av-zero-column-padding column-top-margin'   ><\/div><\/p>\n\n<style type=\"text\/css\" id=\"style-css-av-bc4m7-d8e37255e879c4193c2e63e33e1a311e\">\n#top .flex_column.av-bc4m7-d8e37255e879c4193c2e63e33e1a311e{\nborder-radius:0px;\n-webkit-border-radius:0px;\n-moz-border-radius:0px;\npadding:0px;\n}\n<\/style>\n<div class='flex_column av-bc4m7-d8e37255e879c4193c2e63e33e1a311e av_three_fifth  avia-builder-el-12  el_after_av_one_fifth  el_before_av_one_fifth  flex_column_div av-zero-column-padding column-top-margin'   ><\/div>\n\n<style type=\"text\/css\" id=\"style-css-av-3st0n3-82541bacc432c8b644f3f382d3cf1d66\">\n#top .flex_column.av-3st0n3-82541bacc432c8b644f3f382d3cf1d66{\nborder-radius:0px;\n-webkit-border-radius:0px;\n-moz-border-radius:0px;\npadding:0px;\n}\n<\/style>\n<div class='flex_column av-3st0n3-82541bacc432c8b644f3f382d3cf1d66 av_one_fifth  avia-builder-el-13  el_after_av_three_fifth  avia-builder-el-last  flex_column_div av-zero-column-padding column-top-margin'   ><div  class='avia-button-wrap avia-button-right  avia-builder-el-14  avia-builder-el-no-sibling ' ><a href='https:\/\/cardillo.com.br\/en\/profissionals\/'  class='avia-button av-lcyw4kz9-4380d4884d8a07dd6c191b07dc61b9e2 avia-icon_select-no avia-size-small avia-position-right avia-color-theme-color ' ><span class='avia_iconbox_title' >Back<\/span><\/a><\/div><\/div>\n","protected":false},"excerpt":{"rendered":"","protected":false},"author":1,"featured_media":0,"parent":0,"menu_order":0,"comment_status":"closed","ping_status":"closed","template":"","meta":{"footnotes":""},"class_list":["post-1979","page","type-page","status-publish","hentry"],"_links":{"self":[{"href":"https:\/\/cardillo.com.br\/en\/wp-json\/wp\/v2\/pages\/1979","targetHints":{"allow":["GET"]}}],"collection":[{"href":"https:\/\/cardillo.com.br\/en\/wp-json\/wp\/v2\/pages"}],"about":[{"href":"https:\/\/cardillo.com.br\/en\/wp-json\/wp\/v2\/types\/page"}],"author":[{"embeddable":true,"href":"https:\/\/cardillo.com.br\/en\/wp-json\/wp\/v2\/users\/1"}],"replies":[{"embeddable":true,"href":"https:\/\/cardillo.com.br\/en\/wp-json\/wp\/v2\/comments?post=1979"}],"version-history":[{"count":14,"href":"https:\/\/cardillo.com.br\/en\/wp-json\/wp\/v2\/pages\/1979\/revisions"}],"predecessor-version":[{"id":2280,"href":"https:\/\/cardillo.com.br\/en\/wp-json\/wp\/v2\/pages\/1979\/revisions\/2280"}],"wp:attachment":[{"href":"https:\/\/cardillo.com.br\/en\/wp-json\/wp\/v2\/media?parent=1979"}],"curies":[{"name":"wp","href":"https:\/\/api.w.org\/{rel}","templated":true}]}}