{"id":1955,"date":"2022-09-25T17:23:04","date_gmt":"2022-09-25T20:23:04","guid":{"rendered":"https:\/\/cardillo.com.br\/site_novo\/noticias\/"},"modified":"2023-11-09T11:05:28","modified_gmt":"2023-11-09T14:05:28","slug":"news","status":"publish","type":"page","link":"https:\/\/cardillo.com.br\/en\/news\/","title":{"rendered":"News"},"content":{"rendered":"\n<style type=\"text\/css\" id=\"style-css-av-lcyg5mu6-96b7ffb962ec7de65ebde7049a86d5f1\">\n.avia-section.av-lcyg5mu6-96b7ffb962ec7de65ebde7049a86d5f1{\nbackground-repeat:no-repeat;\nbackground-image:url(https:\/\/cardillo.com.br\/wp-content\/uploads\/2023\/01\/bg-parallax1-1.jpg);\nbackground-position:center center;\nbackground-attachment:scroll;\n}\n.avia-section.av-lcyg5mu6-96b7ffb962ec7de65ebde7049a86d5f1 .av-section-color-overlay{\nopacity:0.5;\nbackground-color:#000000;\n}\n<\/style>\n<div id='av_section_1'  class='avia-section av-lcyg5mu6-96b7ffb962ec7de65ebde7049a86d5f1 main_color avia-section-default avia-no-border-styling  avia-builder-el-0  el_before_av_section  avia-builder-el-first  avia-bg-style-scroll av-section-color-overlay-active  av-minimum-height av-minimum-height-custom  container_wrap fullsize'  data-section-bg-repeat='no-repeat'><div class='av-section-color-overlay-wrap'><div class=\"av-section-color-overlay\"><\/div><div class='container av-section-cont-open' style='height:400px'><main  role=\"main\" itemprop=\"mainContentOfPage\"  class='template-page content  av-content-full alpha units'><div class='post-entry post-entry-type-page post-entry-1955'><div class='entry-content-wrapper clearfix'>\n\n<style type=\"text\/css\" id=\"style-css-av-lcyg60qd-19a9efc9532e409f8e223e31973f79eb\">\n#top .av-special-heading.av-lcyg60qd-19a9efc9532e409f8e223e31973f79eb{\npadding-bottom:10px;\ncolor:#ffffff;\nfont-size:50px;\n}\n.av-special-heading.av-lcyg60qd-19a9efc9532e409f8e223e31973f79eb .special-heading-inner-border{\nborder-color:#ffffff;\n}\n<\/style>\n<div  class='av-special-heading av-lcyg60qd-19a9efc9532e409f8e223e31973f79eb av-special-heading-h2 custom-color-heading blockquote modern-quote  avia-builder-el-1  el_before_av_hr  avia-builder-el-first  av-inherit-size '><h2 class='av-special-heading-tag '  itemprop=\"headline\"  >News<\/h2><div class='special-heading-border'><div class='special-heading-inner-border'><\/div><\/div><\/div>\n\n<style type=\"text\/css\" id=\"style-css-av-lcyg7qik-47b922c30e4c34156137446ec098227f\">\n.hr.av-lcyg7qik-47b922c30e4c34156137446ec098227f{\nmargin-top:5px;\nmargin-bottom:5px;\n}\n.hr.av-lcyg7qik-47b922c30e4c34156137446ec098227f .hr-inner{\nwidth:80px;\nborder-color:#ff0000;\n}\n<\/style>\n<div  class='hr av-lcyg7qik-47b922c30e4c34156137446ec098227f hr-custom  avia-builder-el-2  el_after_av_heading  avia-builder-el-last  hr-left hr-icon-no '><span class='hr-inner inner-border-av-border-thin'><span class=\"hr-inner-style\"><\/span><\/span><\/div>\n\n<\/div><\/div><\/main><!-- close content main element --><\/div><\/div><\/div>\n<style type=\"text\/css\" id=\"style-css-av-alxga-eca405806e93233746001e0fc3528c21\">\n.avia-section.av-alxga-eca405806e93233746001e0fc3528c21{\nbackground-color:#ededed;\n}\n<\/style>\n<div id='av_section_2'  class='avia-section av-alxga-eca405806e93233746001e0fc3528c21 main_color avia-section-default avia-no-border-styling  avia-builder-el-3  el_after_av_section  avia-builder-el-last  avia-bg-style-scroll  container_wrap fullsize'  ><div class='container av-section-cont-open' ><div class='template-page content  av-content-full alpha units'><div class='post-entry post-entry-type-page post-entry-1955'><div class='entry-content-wrapper clearfix'>\n\n<style type=\"text\/css\" id=\"style-css-av-lor9mftw-e98422cfa121513fecf57592489c1d5c\">\n.av-masonry.av-lor9mftw-e98422cfa121513fecf57592489c1d5c .av-masonry-image-container.av-bg-img-2692{\nbackground-image:url(https:\/\/cardillo.com.br\/wp-content\/uploads\/2024\/05\/Informe-Edital-PGFN.jpg);\n}\n.av-masonry.av-lor9mftw-e98422cfa121513fecf57592489c1d5c .av-masonry-image-container.av-bg-img-2683{\nbackground-image:url(https:\/\/cardillo.com.br\/wp-content\/uploads\/2024\/04\/Informe-PPI-SP-705x470.jpg);\n}\n.av-masonry.av-lor9mftw-e98422cfa121513fecf57592489c1d5c .av-masonry-image-container.av-bg-img-2675{\nbackground-image:url(https:\/\/cardillo.com.br\/wp-content\/uploads\/2024\/04\/Informe-IN-Contribuicoes-705x470.jpg);\n}\n.av-masonry.av-lor9mftw-e98422cfa121513fecf57592489c1d5c .av-masonry-image-container.av-bg-img-2654{\nbackground-image:url(https:\/\/cardillo.com.br\/wp-content\/uploads\/2024\/03\/Informe-Edital-Programa-Litigio-Zero-2024-705x470.png);\n}\n.av-masonry.av-lor9mftw-e98422cfa121513fecf57592489c1d5c .av-masonry-image-container.av-bg-img-2645{\nbackground-image:url(https:\/\/cardillo.com.br\/wp-content\/uploads\/2024\/02\/Dores-Musculos-Osteoarticulares-6.png);\n}\n.av-masonry.av-lor9mftw-e98422cfa121513fecf57592489c1d5c .av-masonry-image-container.av-bg-img-2638{\nbackground-image:url(https:\/\/cardillo.com.br\/wp-content\/uploads\/2024\/02\/Informe-Edital-Acordo-Paulista-min-1-705x470.jpg);\n}\n.av-masonry.av-lor9mftw-e98422cfa121513fecf57592489c1d5c .av-masonry-image-container.av-bg-img-2631{\nbackground-image:url(https:\/\/cardillo.com.br\/wp-content\/uploads\/2024\/02\/Informe-Alteracao-Tabela-IRPF-min-1-705x471.jpg);\n}\n.av-masonry.av-lor9mftw-e98422cfa121513fecf57592489c1d5c .av-masonry-image-container.av-bg-img-2620{\nbackground-image:url(https:\/\/cardillo.com.br\/wp-content\/uploads\/2024\/01\/Informe-Autorregularizacao-Incentivada-705x471.jpg);\n}\n.av-masonry.av-lor9mftw-e98422cfa121513fecf57592489c1d5c .av-masonry-image-container.av-bg-img-2613{\nbackground-image:url(https:\/\/cardillo.com.br\/wp-content\/uploads\/2024\/01\/Informe-Subvencao-705x471.jpg);\n}\n.av-masonry.av-lor9mftw-e98422cfa121513fecf57592489c1d5c .av-masonry-image-container.av-bg-img-2606{\nbackground-image:url(https:\/\/cardillo.com.br\/wp-content\/uploads\/2024\/01\/Informe-MP-1202-705x471.jpg);\n}\n.av-masonry.av-lor9mftw-e98422cfa121513fecf57592489c1d5c .av-masonry-image-container.av-bg-img-2623{\nbackground-image:url(https:\/\/cardillo.com.br\/wp-content\/uploads\/2024\/01\/Informe-Alteracao-Lei-Kandir-1-705x471.jpg);\n}\n.av-masonry.av-lor9mftw-e98422cfa121513fecf57592489c1d5c .av-masonry-image-container.av-bg-img-2583{\nbackground-image:url(https:\/\/cardillo.com.br\/wp-content\/uploads\/2024\/01\/Prorrogacao-Acrescimo-Cofins-Importacao-2-705x471.jpg);\n}\n<\/style>\n<div id='av-masonry-1' class='av-masonry av-lor9mftw-e98422cfa121513fecf57592489c1d5c noHover av-fixed-size av-1px-gap av-hover-overlay-active av-masonry-animation-active av-masonry-col-flexible av-caption-always av-caption-style- av-masonry-entries   '><div class=\"av-masonry-container isotope av-js-disabled\"><div class='av-masonry-entry isotope-item av-masonry-item-no-image all_sort cardilho-prado-en_sort '><\/div><a href=\"https:\/\/cardillo.com.br\/en\/autorregularizacao-incentivada-de-debitos-decorrentes-da-exclusao-indevida-da-parcela-de-subvencoes-para-investimento-2\/\"  id='av-masonry-1-item-2688' data-av-masonry-item='2688' class='av-masonry-entry isotope-item post-2688 post type-post status-publish format-standard has-post-thumbnail hentry category-cardilho-prado-en all_sort cardilho-prado-en_sort  av-masonry-item-with-image av-landscape-img' title=\"Calculating finances and investing for future wealth generated by AI\"  itemscope=\"itemscope\" itemtype=\"https:\/\/schema.org\/CreativeWork\" ><div class='av-inner-masonry-sizer'><\/div><figure class='av-inner-masonry main_color'><div class=\"av-masonry-outerimage-container\"><div class='av-masonry-image-container av-bg-img-2692'  title=\"Calculating finances and investing for future wealth generated by AI\"  ><\/div><\/div><figcaption class='av-inner-masonry-content site-background'><div class='av-inner-masonry-content-pos'><div class='av-inner-masonry-content-pos-content'><div class='avia-arrow'><\/div><h3 class='av-masonry-entry-title entry-title '  itemprop=\"headline\" >Autorregulariza\u00e7\u00e3o Incentivada de D\u00e9bitos decorrentes da Exclus\u00e3o Indevida da parcela de Subven\u00e7\u00f5es para Investimento<\/h3><span class='av-masonry-date meta-color updated'>15 de May de 2024<\/span><span class=\"av-masonry-text-sep text-sep-author\">\/<\/span><span class='av-masonry-author meta-color author'><span class='fn'>by Jessica<\/span><\/span><\/div><\/div><\/figcaption><\/figure><\/a><!--end av-masonry entry--><a href=\"https:\/\/cardillo.com.br\/en\/autorregularizacao-incentivada-de-debitos-decorrentes-da-exclusao-indevida-da-parcela-de-subvencoes-para-investimento-3\/\"  id='av-masonry-1-item-2679' data-av-masonry-item='2679' class='av-masonry-entry isotope-item post-2679 post type-post status-publish format-standard has-post-thumbnail hentry category-cardilho-prado-en all_sort cardilho-prado-en_sort  av-masonry-item-with-image av-grid-img' title=\"Informe &#8211; PPI SP\"  itemscope=\"itemscope\" itemtype=\"https:\/\/schema.org\/CreativeWork\" ><div class='av-inner-masonry-sizer'><\/div><figure class='av-inner-masonry main_color'><div class=\"av-masonry-outerimage-container\"><div class='av-masonry-image-container av-bg-img-2683'  title=\"Informe &#8211; PPI SP\"  ><\/div><\/div><figcaption class='av-inner-masonry-content site-background'><div class='av-inner-masonry-content-pos'><div class='av-inner-masonry-content-pos-content'><div class='avia-arrow'><\/div><h3 class='av-masonry-entry-title entry-title '  itemprop=\"headline\" >Autorregulariza\u00e7\u00e3o Incentivada de D\u00e9bitos decorrentes da Exclus\u00e3o Indevida da parcela de Subven\u00e7\u00f5es para Investimento<\/h3><span class='av-masonry-date meta-color updated'>18 de April de 2024<\/span><span class=\"av-masonry-text-sep text-sep-author\">\/<\/span><span class='av-masonry-author meta-color author'><span class='fn'>by Jessica<\/span><\/span><\/div><\/div><\/figcaption><\/figure><\/a><!--end av-masonry entry--><a href=\"https:\/\/cardillo.com.br\/en\/autorregularizacao-incentivada-de-debitos-decorrentes-da-exclusao-indevida-da-parcela-de-subvencoes-para-investimento-4\/\"  id='av-masonry-1-item-2670' data-av-masonry-item='2670' class='av-masonry-entry isotope-item post-2670 post type-post status-publish format-standard has-post-thumbnail hentry category-cardilho-prado-en all_sort cardilho-prado-en_sort  av-masonry-item-with-image av-grid-img' title=\"Informe &#8211; IN Contribui\u00e7\u00f5es\"  itemscope=\"itemscope\" itemtype=\"https:\/\/schema.org\/CreativeWork\" ><div class='av-inner-masonry-sizer'><\/div><figure class='av-inner-masonry main_color'><div class=\"av-masonry-outerimage-container\"><div class='av-masonry-image-container av-bg-img-2675'  title=\"Informe &#8211; IN Contribui\u00e7\u00f5es\"  ><\/div><\/div><figcaption class='av-inner-masonry-content site-background'><div class='av-inner-masonry-content-pos'><div class='av-inner-masonry-content-pos-content'><div class='avia-arrow'><\/div><h3 class='av-masonry-entry-title entry-title '  itemprop=\"headline\" >Autorregulariza\u00e7\u00e3o Incentivada de D\u00e9bitos decorrentes da Exclus\u00e3o Indevida da parcela de Subven\u00e7\u00f5es para Investimento<\/h3><span class='av-masonry-date meta-color updated'>18 de April de 2024<\/span><span class=\"av-masonry-text-sep text-sep-author\">\/<\/span><span class='av-masonry-author meta-color author'><span class='fn'>by Jessica<\/span><\/span><\/div><\/div><\/figcaption><\/figure><\/a><!--end av-masonry entry--><a href=\"https:\/\/cardillo.com.br\/en\/nova-legislacao-facilita-negociacao-de-dividas-perante-o-fisco-federal-4\/\"  id='av-masonry-1-item-2650' data-av-masonry-item='2650' class='av-masonry-entry isotope-item post-2650 post type-post status-publish format-standard has-post-thumbnail hentry category-cardilho-prado-en all_sort cardilho-prado-en_sort  av-masonry-item-with-image av-grid-img' title=\"Informe &#8211; Edital Programa Litigio Zero 2024\"  itemscope=\"itemscope\" itemtype=\"https:\/\/schema.org\/CreativeWork\" ><div class='av-inner-masonry-sizer'><\/div><figure class='av-inner-masonry main_color'><div class=\"av-masonry-outerimage-container\"><div class='av-masonry-image-container av-bg-img-2654'  title=\"Informe &#8211; Edital Programa Litigio Zero 2024\"  ><\/div><\/div><figcaption class='av-inner-masonry-content site-background'><div class='av-inner-masonry-content-pos'><div class='av-inner-masonry-content-pos-content'><div class='avia-arrow'><\/div><h3 class='av-masonry-entry-title entry-title '  itemprop=\"headline\" >Nova legisla\u00e7\u00e3o facilita negocia\u00e7\u00e3o de d\u00edvidas perante o fisco federal<\/h3><span class='av-masonry-date meta-color updated'>21 de March de 2024<\/span><span class=\"av-masonry-text-sep text-sep-author\">\/<\/span><span class='av-masonry-author meta-color author'><span class='fn'>by Jessica<\/span><\/span><\/div><\/div><\/figcaption><\/figure><\/a><!--end av-masonry entry--><a href=\"https:\/\/cardillo.com.br\/en\/nova-legislacao-facilita-negociacao-de-dividas-perante-o-fisco-federal-5\/\"  id='av-masonry-1-item-2641' data-av-masonry-item='2641' class='av-masonry-entry isotope-item post-2641 post type-post status-publish format-standard has-post-thumbnail hentry category-cardilho-prado-en all_sort cardilho-prado-en_sort  av-masonry-item-with-image av-grid-img' title=\"Dores M\u00fasculos Osteoarticulares (6)\"  itemscope=\"itemscope\" itemtype=\"https:\/\/schema.org\/CreativeWork\" ><div class='av-inner-masonry-sizer'><\/div><figure class='av-inner-masonry main_color'><div class=\"av-masonry-outerimage-container\"><div class='av-masonry-image-container av-bg-img-2645'  title=\"Dores M\u00fasculos Osteoarticulares (6)\"  ><\/div><\/div><figcaption class='av-inner-masonry-content site-background'><div class='av-inner-masonry-content-pos'><div class='av-inner-masonry-content-pos-content'><div class='avia-arrow'><\/div><h3 class='av-masonry-entry-title entry-title '  itemprop=\"headline\" >Nova legisla\u00e7\u00e3o facilita negocia\u00e7\u00e3o de d\u00edvidas perante o fisco federal<\/h3><span class='av-masonry-date meta-color updated'>28 de February de 2024<\/span><span class=\"av-masonry-text-sep text-sep-author\">\/<\/span><span class='av-masonry-author meta-color author'><span class='fn'>by Jessica<\/span><\/span><\/div><\/div><\/figcaption><\/figure><\/a><!--end av-masonry entry--><a href=\"https:\/\/cardillo.com.br\/en\/nova-legislacao-facilita-negociacao-de-dividas-perante-o-fisco-federal-3\/\"  id='av-masonry-1-item-2634' data-av-masonry-item='2634' class='av-masonry-entry isotope-item post-2634 post type-post status-publish format-standard has-post-thumbnail hentry category-cardilho-prado-en all_sort cardilho-prado-en_sort  av-masonry-item-with-image av-grid-img' title=\"Informe &#8211; Edital Acordo Paulista-min (1)\"  itemscope=\"itemscope\" itemtype=\"https:\/\/schema.org\/CreativeWork\" ><div class='av-inner-masonry-sizer'><\/div><figure class='av-inner-masonry main_color'><div class=\"av-masonry-outerimage-container\"><div class='av-masonry-image-container av-bg-img-2638'  title=\"Informe &#8211; Edital Acordo Paulista-min (1)\"  ><\/div><\/div><figcaption class='av-inner-masonry-content site-background'><div class='av-inner-masonry-content-pos'><div class='av-inner-masonry-content-pos-content'><div class='avia-arrow'><\/div><h3 class='av-masonry-entry-title entry-title '  itemprop=\"headline\" >Nova legisla\u00e7\u00e3o facilita negocia\u00e7\u00e3o de d\u00edvidas perante o fisco federal<\/h3><span class='av-masonry-date meta-color updated'>20 de February de 2024<\/span><span class=\"av-masonry-text-sep text-sep-author\">\/<\/span><span class='av-masonry-author meta-color author'><span class='fn'>by Jessica<\/span><\/span><\/div><\/div><\/figcaption><\/figure><\/a><!--end av-masonry entry--><a href=\"https:\/\/cardillo.com.br\/en\/nova-legislacao-facilita-negociacao-de-dividas-perante-o-fisco-federal-6\/\"  id='av-masonry-1-item-2627' data-av-masonry-item='2627' class='av-masonry-entry isotope-item post-2627 post type-post status-publish format-standard has-post-thumbnail hentry category-cardilho-prado-en all_sort cardilho-prado-en_sort  av-masonry-item-with-image av-grid-img' title=\"Informe &#8211; Altera\u00e7\u00e3o Tabela IRPF-min (1)\"  itemscope=\"itemscope\" itemtype=\"https:\/\/schema.org\/CreativeWork\" ><div class='av-inner-masonry-sizer'><\/div><figure class='av-inner-masonry main_color'><div class=\"av-masonry-outerimage-container\"><div class='av-masonry-image-container av-bg-img-2631'  title=\"Informe &#8211; Altera\u00e7\u00e3o Tabela IRPF-min (1)\"  ><\/div><\/div><figcaption class='av-inner-masonry-content site-background'><div class='av-inner-masonry-content-pos'><div class='av-inner-masonry-content-pos-content'><div class='avia-arrow'><\/div><h3 class='av-masonry-entry-title entry-title '  itemprop=\"headline\" >Nova legisla\u00e7\u00e3o facilita negocia\u00e7\u00e3o de d\u00edvidas perante o fisco federal<\/h3><span class='av-masonry-date meta-color updated'>20 de February de 2024<\/span><span class=\"av-masonry-text-sep text-sep-author\">\/<\/span><span class='av-masonry-author meta-color author'><span class='fn'>by Jessica<\/span><\/span><\/div><\/div><\/figcaption><\/figure><\/a><!--end av-masonry entry--><a href=\"https:\/\/cardillo.com.br\/en\/nova-legislacao-facilita-negociacao-de-dividas-perante-o-fisco-federal-7\/\"  id='av-masonry-1-item-2616' data-av-masonry-item='2616' class='av-masonry-entry isotope-item post-2616 post type-post status-publish format-standard has-post-thumbnail hentry category-cardilho-prado-en all_sort cardilho-prado-en_sort  av-masonry-item-with-image av-grid-img' title=\"Informe &#8211; Autorregulariza\u00e7\u00e3o Incentivada\"  itemscope=\"itemscope\" itemtype=\"https:\/\/schema.org\/CreativeWork\" ><div class='av-inner-masonry-sizer'><\/div><figure class='av-inner-masonry main_color'><div class=\"av-masonry-outerimage-container\"><div class='av-masonry-image-container av-bg-img-2620'  title=\"Informe &#8211; Autorregulariza\u00e7\u00e3o Incentivada\"  ><\/div><\/div><figcaption class='av-inner-masonry-content site-background'><div class='av-inner-masonry-content-pos'><div class='av-inner-masonry-content-pos-content'><div class='avia-arrow'><\/div><h3 class='av-masonry-entry-title entry-title '  itemprop=\"headline\" >Nova legisla\u00e7\u00e3o facilita negocia\u00e7\u00e3o de d\u00edvidas perante o fisco federal<\/h3><span class='av-masonry-date meta-color updated'>10 de January de 2024<\/span><span class=\"av-masonry-text-sep text-sep-author\">\/<\/span><span class='av-masonry-author meta-color author'><span class='fn'>by Jessica<\/span><\/span><\/div><\/div><\/figcaption><\/figure><\/a><!--end av-masonry entry--><a href=\"https:\/\/cardillo.com.br\/en\/nova-legislacao-facilita-negociacao-de-dividas-perante-o-fisco-federal-8\/\"  id='av-masonry-1-item-2609' data-av-masonry-item='2609' class='av-masonry-entry isotope-item post-2609 post type-post status-publish format-standard has-post-thumbnail hentry category-cardilho-prado-en all_sort cardilho-prado-en_sort  av-masonry-item-with-image av-grid-img' title=\"Informe &#8211; Subven\u00e7\u00e3o\"  itemscope=\"itemscope\" itemtype=\"https:\/\/schema.org\/CreativeWork\" ><div class='av-inner-masonry-sizer'><\/div><figure class='av-inner-masonry main_color'><div class=\"av-masonry-outerimage-container\"><div class='av-masonry-image-container av-bg-img-2613'  title=\"Informe &#8211; Subven\u00e7\u00e3o\"  ><\/div><\/div><figcaption class='av-inner-masonry-content site-background'><div class='av-inner-masonry-content-pos'><div class='av-inner-masonry-content-pos-content'><div class='avia-arrow'><\/div><h3 class='av-masonry-entry-title entry-title '  itemprop=\"headline\" >Nova legisla\u00e7\u00e3o facilita negocia\u00e7\u00e3o de d\u00edvidas perante o fisco federal<\/h3><span class='av-masonry-date meta-color updated'>10 de January de 2024<\/span><span class=\"av-masonry-text-sep text-sep-author\">\/<\/span><span class='av-masonry-author meta-color author'><span class='fn'>by Jessica<\/span><\/span><\/div><\/div><\/figcaption><\/figure><\/a><!--end av-masonry entry--><a href=\"https:\/\/cardillo.com.br\/en\/nova-legislacao-facilita-negociacao-de-dividas-perante-o-fisco-federal-9\/\"  id='av-masonry-1-item-2602' data-av-masonry-item='2602' class='av-masonry-entry isotope-item post-2602 post type-post status-publish format-standard has-post-thumbnail hentry category-cardilho-prado-en all_sort cardilho-prado-en_sort  av-masonry-item-with-image av-grid-img' title=\"Informe &#8211; MP 1202\"  itemscope=\"itemscope\" itemtype=\"https:\/\/schema.org\/CreativeWork\" ><div class='av-inner-masonry-sizer'><\/div><figure class='av-inner-masonry main_color'><div class=\"av-masonry-outerimage-container\"><div class='av-masonry-image-container av-bg-img-2606'  title=\"Informe &#8211; MP 1202\"  ><\/div><\/div><figcaption class='av-inner-masonry-content site-background'><div class='av-inner-masonry-content-pos'><div class='av-inner-masonry-content-pos-content'><div class='avia-arrow'><\/div><h3 class='av-masonry-entry-title entry-title '  itemprop=\"headline\" >Nova legisla\u00e7\u00e3o facilita negocia\u00e7\u00e3o de d\u00edvidas perante o fisco federal<\/h3><span class='av-masonry-date meta-color updated'>10 de January de 2024<\/span><span class=\"av-masonry-text-sep text-sep-author\">\/<\/span><span class='av-masonry-author meta-color author'><span class='fn'>by Jessica<\/span><\/span><\/div><\/div><\/figcaption><\/figure><\/a><!--end av-masonry entry--><a href=\"https:\/\/cardillo.com.br\/en\/nova-legislacao-facilita-negociacao-de-dividas-perante-o-fisco-federal-10\/\"  id='av-masonry-1-item-2595' data-av-masonry-item='2595' class='av-masonry-entry isotope-item post-2595 post type-post status-publish format-standard has-post-thumbnail hentry category-cardilho-prado-en all_sort cardilho-prado-en_sort  av-masonry-item-with-image av-grid-img' title=\"Informe &#8211; Altera\u00e7\u00e3o Lei Kandir\"  itemscope=\"itemscope\" itemtype=\"https:\/\/schema.org\/CreativeWork\" ><div class='av-inner-masonry-sizer'><\/div><figure class='av-inner-masonry main_color'><div class=\"av-masonry-outerimage-container\"><div class='av-masonry-image-container av-bg-img-2623'  title=\"Informe &#8211; Altera\u00e7\u00e3o Lei Kandir\"  ><\/div><\/div><figcaption class='av-inner-masonry-content site-background'><div class='av-inner-masonry-content-pos'><div class='av-inner-masonry-content-pos-content'><div class='avia-arrow'><\/div><h3 class='av-masonry-entry-title entry-title '  itemprop=\"headline\" >Nova legisla\u00e7\u00e3o facilita negocia\u00e7\u00e3o de d\u00edvidas perante o fisco federal<\/h3><span class='av-masonry-date meta-color updated'>10 de January de 2024<\/span><span class=\"av-masonry-text-sep text-sep-author\">\/<\/span><span class='av-masonry-author meta-color author'><span class='fn'>by Jessica<\/span><\/span><\/div><\/div><\/figcaption><\/figure><\/a><!--end av-masonry entry--><a href=\"https:\/\/cardillo.com.br\/en\/nova-legislacao-facilita-negociacao-de-dividas-perante-o-fisco-federal-11\/\"  id='av-masonry-1-item-2586' data-av-masonry-item='2586' class='av-masonry-entry isotope-item post-2586 post type-post status-publish format-standard has-post-thumbnail hentry category-cardilho-prado-en all_sort cardilho-prado-en_sort  av-masonry-item-with-image av-grid-img' title=\"Prorroga\u00e7\u00e3o Acr\u00e9scimo Cofins-Importa\u00e7\u00e3o 2\"  itemscope=\"itemscope\" itemtype=\"https:\/\/schema.org\/CreativeWork\" ><div class='av-inner-masonry-sizer'><\/div><figure class='av-inner-masonry main_color'><div class=\"av-masonry-outerimage-container\"><div class='av-masonry-image-container av-bg-img-2583'  title=\"Prorroga\u00e7\u00e3o Acr\u00e9scimo Cofins-Importa\u00e7\u00e3o 2\"  ><\/div><\/div><figcaption class='av-inner-masonry-content site-background'><div class='av-inner-masonry-content-pos'><div class='av-inner-masonry-content-pos-content'><div class='avia-arrow'><\/div><h3 class='av-masonry-entry-title entry-title '  itemprop=\"headline\" >Nova legisla\u00e7\u00e3o facilita negocia\u00e7\u00e3o de d\u00edvidas perante o fisco federal<\/h3><span class='av-masonry-date meta-color updated'>28 de December de 2023<\/span><span class=\"av-masonry-text-sep text-sep-author\">\/<\/span><span class='av-masonry-author meta-color author'><span class='fn'>by Jessica<\/span><\/span><\/div><\/div><\/figcaption><\/figure><\/a><!--end av-masonry entry--><\/div><\/div>\n\n","protected":false},"excerpt":{"rendered":"","protected":false},"author":1,"featured_media":0,"parent":0,"menu_order":0,"comment_status":"closed","ping_status":"closed","template":"","meta":{"footnotes":""},"class_list":["post-1955","page","type-page","status-publish","hentry"],"_links":{"self":[{"href":"https:\/\/cardillo.com.br\/en\/wp-json\/wp\/v2\/pages\/1955","targetHints":{"allow":["GET"]}}],"collection":[{"href":"https:\/\/cardillo.com.br\/en\/wp-json\/wp\/v2\/pages"}],"about":[{"href":"https:\/\/cardillo.com.br\/en\/wp-json\/wp\/v2\/types\/page"}],"author":[{"embeddable":true,"href":"https:\/\/cardillo.com.br\/en\/wp-json\/wp\/v2\/users\/1"}],"replies":[{"embeddable":true,"href":"https:\/\/cardillo.com.br\/en\/wp-json\/wp\/v2\/comments?post=1955"}],"version-history":[{"count":6,"href":"https:\/\/cardillo.com.br\/en\/wp-json\/wp\/v2\/pages\/1955\/revisions"}],"predecessor-version":[{"id":2535,"href":"https:\/\/cardillo.com.br\/en\/wp-json\/wp\/v2\/pages\/1955\/revisions\/2535"}],"wp:attachment":[{"href":"https:\/\/cardillo.com.br\/en\/wp-json\/wp\/v2\/media?parent=1955"}],"curies":[{"name":"wp","href":"https:\/\/api.w.org\/{rel}","templated":true}]}}